{"id":16,"date":"2020-07-09T07:07:23","date_gmt":"2020-07-09T07:07:23","guid":{"rendered":"http:\/\/lilta.org\/?page_id=16"},"modified":"2020-12-01T07:48:21","modified_gmt":"2020-12-01T07:48:21","slug":"resources","status":"publish","type":"page","link":"https:\/\/lilta.org\/spanish\/resources\/","title":{"rendered":"Recursos"},"content":{"rendered":"\n<p>Obtenga informaci\u00f3n sobre el poder de la educaci\u00f3n y acceda a las \u00faltimas investigaciones, tendencias y recursos.<\/p>\n\n\n\n<div class=\"bgclr\">\n\n<div class=\"row\">\n\n\n<div class=\"newsimg col-md-2 col-sm-12\">\n<a href=\"https:\/\/docs.google.com\/document\/d\/1AV1ANphkb2y-qlLZ2USL9X3Np-VR78yHAwFrjBOS4CY\/edit?usp=sharing\" target=\"_blank\" rel=\"noopener noreferrer\"><img src=\"http:\/\/lilta.org\/wp-content\/uploads\/2020\/07\/02-2.jpg\"><\/a>\n<\/div>\n\n<div class=\"newstxt col-md-10 col-sm-12\">\n\n<p><strong><a href=\"https:\/\/docs.google.com\/document\/d\/1AV1ANphkb2y-qlLZ2USL9X3Np-VR78yHAwFrjBOS4CY\/edit?usp=sharing\" target=\"_blank\" rel=\"noopener noreferrer\">GU\u00cdA DE RECURSOS DE APRENDIZAJE A DISTANCIA &#8211; Una gu\u00eda de recursos desarrollada por la Asociaci\u00f3n de Maestros Latinos de Long Island en colaboraci\u00f3n con educadores escolares de Long Island\n<\/a><\/strong><\/p>\n<p>Fecha: abril, 2020<\/p>\n<p><a href=\"https:\/\/docs.google.com\/document\/d\/1AV1ANphkb2y-qlLZ2USL9X3Np-VR78yHAwFrjBOS4CY\/edit?usp=sharing\" target=\"_blank\" rel=\"noopener noreferrer\" class=\"readmorebtn\">Lee mas<\/a><\/p>\n<\/div>\n<\/div>\n<\/div>\n\n\n\n<div class=\"bgclr\">\n<div class=\"row\">\n\n\n<div class=\"newsimg col-md-2 col-sm-12\">\n<a href=\"http:\/\/lilta.org\/wp-content\/uploads\/2020\/07\/TEACHER-DIVERSITY-in-LI-PUBLIC-SCHOOLS.pdf\" target=\"_blank\" rel=\"noopener noreferrer\"><img src=\"http:\/\/lilta.org\/wp-content\/uploads\/2020\/07\/03-2.jpg\"><\/a>\n<\/div>\n\n<div class=\"newstxt col-md-10 col-sm-12\">\n<p><strong><a href=\"http:\/\/lilta.org\/wp-content\/uploads\/2020\/07\/TEACHER-DIVERSITY-in-LI-PUBLIC-SCHOOLS.pdf\" target=\"_blank\" rel=\"noopener noreferrer\">Diversidad de maestros en las escuelas p\u00fablicas de Long Island<\/a><\/strong><\/p>\n<p>Fecha: Marzo de 2019<\/p>\n<p><a href=\"http:\/\/lilta.org\/wp-content\/uploads\/2020\/07\/TEACHER-DIVERSITY-in-LI-PUBLIC-SCHOOLS.pdf\" target=\"_blank\" rel=\"noopener noreferrer\" class=\"readmorebtn\">Lee mas<\/a><\/p>\n<\/div>\n\n\n<\/div>\n<\/div>\n\n<!--div class=\"bgclr\">\n<div class=\"row\">\n\n\n<div class=\"newsimg col-md-2 col-sm-12\">\n<img src=\"http:\/\/lilta.org\/wp-content\/uploads\/2020\/07\/02-2.jpg\"\/>\n<\/div>\n\n<div class=\"newstxt col-md-10 col-sm-12\">\n<a href=\"https:\/\/docs.google.com\/document\/d\/1CfVD24ZrL72aW06peqQ0uGeN6zNdhsn-8__ldu7EHbE\/edit?usp=sharing\" target=\"_blank\" rel=\"noopener noreferrer\">https:\/\/docs.google.com\/document\/d\/1CfVD24ZrL72aW06peqQ0uGeN6zNdhsn-8__ldu7EHbE\/edit?usp=sharing<\/a>\n\n<p><strong>GU\u00cdA DE RECURSOS DE APRENDIZAJE A DISTANCIA - Una gu\u00eda de recursos desarrollada por la Asociaci\u00f3n de Maestros Latinos de Long Island en colaboraci\u00f3n con educadores escolares de Long Island<\/strong><\/p>\n<p>abril, 2020<\/p>\n\n<\/div>\n<\/div>\n<\/div-->\n<!--div class=\"bgclr\">\n<div class=\"row\">\n\n\n<div class=\"newsimg col-md-2 col-sm-12\">\n<img src=\"http:\/\/lilta.org\/wp-content\/uploads\/2020\/07\/01-2.jpg\"\/>\n<\/div>\n\n<div class=\"newstxt col-md-10 col-sm-12\">\n<a href=\"http:\/\/www.noticiali.com\/lilta-convoca-videoconferencia-para-abogar-por-estudiantes-afectados-por-el-coronavirus\/\" target=\"_blank\" rel=\"noopener noreferrer\">http:\/\/www.noticiali.com\/lilta-convoca-videoconferencia-para-abogar-por-estudiantes-afectados-por-el-coronavirus\/<\/a>\n\n<p><strong>LILTA convoca videoconferencia para abogar por estudiantes afectados por el Coronavirus<\/strong><\/p>\n<p>1 mayo, 2020<\/p>\n\n<\/div>\n<\/div>\n<\/div-->\n","protected":false},"excerpt":{"rendered":"<p>Obtenga informaci\u00f3n sobre el poder de la educaci\u00f3n y acceda a las \u00faltimas investigaciones, tendencias y recursos. GU\u00cdA DE RECURSOS DE APRENDIZAJE A DISTANCIA &#8211; Una gu\u00eda de recursos desarrollada [&hellip;]<\/p>\n","protected":false},"author":1,"featured_media":0,"parent":0,"menu_order":0,"comment_status":"closed","ping_status":"closed","template":"","meta":{"_vp_format_video_url":"","_vp_image_focal_point":[]},"_links":{"self":[{"href":"https:\/\/lilta.org\/spanish\/wp-json\/wp\/v2\/pages\/16"}],"collection":[{"href":"https:\/\/lilta.org\/spanish\/wp-json\/wp\/v2\/pages"}],"about":[{"href":"https:\/\/lilta.org\/spanish\/wp-json\/wp\/v2\/types\/page"}],"author":[{"embeddable":true,"href":"https:\/\/lilta.org\/spanish\/wp-json\/wp\/v2\/users\/1"}],"replies":[{"embeddable":true,"href":"https:\/\/lilta.org\/spanish\/wp-json\/wp\/v2\/comments?post=16"}],"version-history":[{"count":44,"href":"https:\/\/lilta.org\/spanish\/wp-json\/wp\/v2\/pages\/16\/revisions"}],"predecessor-version":[{"id":546,"href":"https:\/\/lilta.org\/spanish\/wp-json\/wp\/v2\/pages\/16\/revisions\/546"}],"wp:attachment":[{"href":"https:\/\/lilta.org\/spanish\/wp-json\/wp\/v2\/media?parent=16"}],"curies":[{"name":"wp","href":"https:\/\/api.w.org\/{rel}","templated":true}]}}