{"id":348,"date":"2020-08-12T08:14:06","date_gmt":"2020-08-12T08:14:06","guid":{"rendered":"http:\/\/lilta.org\/?page_id=348"},"modified":"2020-12-01T11:03:51","modified_gmt":"2020-12-01T11:03:51","slug":"dafny-irizarry-president","status":"publish","type":"page","link":"https:\/\/lilta.org\/spanish\/dafny-irizarry-president\/","title":{"rendered":"Dafny Irizarry, Presidenta"},"content":{"rendered":"\n<div class=\"wp-block-columns\">\n<div class=\"wp-block-column\" style=\"flex-basis:66.66%\">\n<p>Dafny Joy Irizarry Ortiz es la fundadora y presidenta de la Asociaci\u00f3n de Maestros Latinos de Long Island. Una mujer y educadora con pasi\u00f3n por la equidad, la justicia y la inclusi\u00f3n. La Sra. Irizarry ha demostrado liderazgo y compromiso abogando, en colaboraci\u00f3n con grupos comunitarios e instituciones educativas para garantizar una educaci\u00f3n de alta calidad para todos los estudiantes. Ella est\u00e1 comprometida a empoderar a los j\u00f3venes de Long Island para que crezcan educativamente.<\/p>\n\n\n\n<p>La Sra. Irizarry naci\u00f3 y se cri\u00f3 en Ponce, Puerto Rico. Asisti\u00f3 a la Universidad de Puerto Rico en R\u00edo Piedras, donde se convirti\u00f3 en ganadora de la Beca Paul Douglas. Esta oportunidad le permiti\u00f3 completar con \u00e9xito su licenciatura en Ling\u00fc\u00edstica de SUNY Stony Brook. Adicionalmente, complet\u00f3 una Maestr\u00eda en Educaci\u00f3n de CUNY en Queens College. Se gradu\u00f3 Magna Cum Laude.<\/p>\n\n\n\n<p>Actualmente, la Sra. Irizarry ense\u00f1a ingl\u00e9s como nuevo idioma (ENL) en el Distrito Escolar de Central Islip. Tambi\u00e9n se desempe\u00f1a como Primera Vicepresidenta del Cap\u00edtulo de Long Island del Consejo Laboral para el Avance Latinoamericano (LCLAA), miembro del Miembro del Consejo Asesor del Programa TESOL en Molloy College y miembro del Consejo Asesor Comunitario para Northwell Health. Se desempe\u00f1\u00f3 como presidenta de la Junta para el Colegio Comunitario del Condado de Suffolk, miembro de la Junta Asesora de Maestros del Comisionado de Nueva York, presidenta de la Junta para el Taller de Escritores de Herstory y miembro del Consejo Asesor del Programa de Educaci\u00f3n Profesional de la Universidad Stony Brook. Ha sido reconocida entre las 50 mejores mujeres de Long Island.<\/p>\n\n\n\n<p><\/p>\n\n\n\n<p><\/p>\n<\/div>\n\n\n\n<div class=\"wp-block-column\" style=\"flex-basis:33.33%\">\n<figure class=\"wp-block-image size-full is-resized\"><img loading=\"lazy\" src=\"http:\/\/lilta.org\/wp-content\/uploads\/2020\/08\/Dafny-Irizarry-1.jpg\" alt=\"\" class=\"wp-image-346\" width=\"400\" height=\"600\" srcset=\"https:\/\/lilta.org\/spanish\/wp-content\/uploads\/2020\/08\/Dafny-Irizarry-1.jpg 1601w, https:\/\/lilta.org\/spanish\/wp-content\/uploads\/2020\/08\/Dafny-Irizarry-1-200x300.jpg 200w, https:\/\/lilta.org\/spanish\/wp-content\/uploads\/2020\/08\/Dafny-Irizarry-1-683x1024.jpg 683w, https:\/\/lilta.org\/spanish\/wp-content\/uploads\/2020\/08\/Dafny-Irizarry-1-768x1151.jpg 768w, https:\/\/lilta.org\/spanish\/wp-content\/uploads\/2020\/08\/Dafny-Irizarry-1-500x750.jpg 500w, https:\/\/lilta.org\/spanish\/wp-content\/uploads\/2020\/08\/Dafny-Irizarry-1-800x1199.jpg 800w, https:\/\/lilta.org\/spanish\/wp-content\/uploads\/2020\/08\/Dafny-Irizarry-1-1280x1919.jpg 1280w, https:\/\/lilta.org\/spanish\/wp-content\/uploads\/2020\/08\/Dafny-Irizarry-1-1025x1536.jpg 1025w, https:\/\/lilta.org\/spanish\/wp-content\/uploads\/2020\/08\/Dafny-Irizarry-1-1366x2048.jpg 1366w\" sizes=\"(max-width: 400px) 100vw, 400px\" \/><\/figure>\n<\/div>\n<\/div>\n","protected":false},"excerpt":{"rendered":"<p>Dafny Joy Irizarry Ortiz es la fundadora y presidenta de la Asociaci\u00f3n de Maestros Latinos de Long Island. Una mujer y educadora con pasi\u00f3n por la equidad, la justicia y [&hellip;]<\/p>\n","protected":false},"author":1,"featured_media":0,"parent":0,"menu_order":0,"comment_status":"closed","ping_status":"closed","template":"","meta":{"_vp_format_video_url":"","_vp_image_focal_point":[]},"_links":{"self":[{"href":"https:\/\/lilta.org\/spanish\/wp-json\/wp\/v2\/pages\/348"}],"collection":[{"href":"https:\/\/lilta.org\/spanish\/wp-json\/wp\/v2\/pages"}],"about":[{"href":"https:\/\/lilta.org\/spanish\/wp-json\/wp\/v2\/types\/page"}],"author":[{"embeddable":true,"href":"https:\/\/lilta.org\/spanish\/wp-json\/wp\/v2\/users\/1"}],"replies":[{"embeddable":true,"href":"https:\/\/lilta.org\/spanish\/wp-json\/wp\/v2\/comments?post=348"}],"version-history":[{"count":7,"href":"https:\/\/lilta.org\/spanish\/wp-json\/wp\/v2\/pages\/348\/revisions"}],"predecessor-version":[{"id":575,"href":"https:\/\/lilta.org\/spanish\/wp-json\/wp\/v2\/pages\/348\/revisions\/575"}],"wp:attachment":[{"href":"https:\/\/lilta.org\/spanish\/wp-json\/wp\/v2\/media?parent=348"}],"curies":[{"name":"wp","href":"https:\/\/api.w.org\/{rel}","templated":true}]}}