{"id":354,"date":"2020-08-12T08:34:01","date_gmt":"2020-08-12T08:34:01","guid":{"rendered":"http:\/\/lilta.org\/?page_id=354"},"modified":"2021-01-12T09:38:20","modified_gmt":"2021-01-12T09:38:20","slug":"julie-burgos-second-vice-president","status":"publish","type":"page","link":"https:\/\/lilta.org\/spanish\/julie-burgos-second-vice-president\/","title":{"rendered":"Julie Burgos, Vicepresidenta"},"content":{"rendered":"\n<div class=\"wp-block-columns\">\n<div class=\"wp-block-column\" style=\"flex-basis:66.66%\">\n<p>Julia Burgos es una trabajadora social y una educadora. Julia se jubil\u00f3 como trabajadora social del Distrito Escolar de Brentwood despu\u00e9s de 28 a\u00f1os de servicio. Antes de trabajar en Brentwood, Julia trabaj\u00f3 como trabajadora social para el Distrito Escolar de la Ciudad de Nueva York, en el Distrito 7 del Bronx.&nbsp; Actualmente, Julia es S\u00edndica de la Junta de Educaci\u00f3n del Distrito Escolar de Brentwood. Julia da clases a nivel universitario como Profesora Adjunta para la Escuela de Trabajo Social de la Universidad Adelphi. Julia est\u00e1 agradecida de poder seguir trabajando en ofrecer servicios a los ni\u00f1os. Est\u00e1 especialmente agradecida de trabajar con ni\u00f1os que est\u00e1n aprendiendo un segundo lenguaje, ya que su primer lenguaje fue el espa\u00f1ol y ella tambi\u00e9n tuvo que aprender ingl\u00e9s como su segundo lenguaje. Julia ha dedicado la mayor parte de su carrera a trabajar con padres de ni\u00f1os que est\u00e1n aprendiendo un segundo lenguaje. Les ha ayudado a entender el desarrollo f\u00edsico, social\/emocional y educativo de los ni\u00f1os y adolescentes. Tambi\u00e9n le ha ayudado a navegar los distritos escolares para obtener servicios de alta calidad para sus hijos. Julia es la vicepresidenta de LILTA.<\/p>\n<\/div>\n\n\n\n<div class=\"wp-block-column\" style=\"flex-basis:33.33%\">\n<figure class=\"wp-block-image size-large is-resized\"><img loading=\"lazy\" src=\"http:\/\/lilta.org\/wp-content\/uploads\/2020\/08\/Julie-Burgos-683x1024.jpg\" alt=\"\" class=\"wp-image-353\" width=\"342\" height=\"512\" srcset=\"https:\/\/lilta.org\/spanish\/wp-content\/uploads\/2020\/08\/Julie-Burgos-683x1024.jpg 683w, https:\/\/lilta.org\/spanish\/wp-content\/uploads\/2020\/08\/Julie-Burgos-200x300.jpg 200w, https:\/\/lilta.org\/spanish\/wp-content\/uploads\/2020\/08\/Julie-Burgos-768x1152.jpg 768w, https:\/\/lilta.org\/spanish\/wp-content\/uploads\/2020\/08\/Julie-Burgos-500x750.jpg 500w, https:\/\/lilta.org\/spanish\/wp-content\/uploads\/2020\/08\/Julie-Burgos-800x1200.jpg 800w, https:\/\/lilta.org\/spanish\/wp-content\/uploads\/2020\/08\/Julie-Burgos-1280x1920.jpg 1280w, https:\/\/lilta.org\/spanish\/wp-content\/uploads\/2020\/08\/Julie-Burgos-1920x2880.jpg 1920w, https:\/\/lilta.org\/spanish\/wp-content\/uploads\/2020\/08\/Julie-Burgos-1024x1536.jpg 1024w, https:\/\/lilta.org\/spanish\/wp-content\/uploads\/2020\/08\/Julie-Burgos-1365x2048.jpg 1365w, https:\/\/lilta.org\/spanish\/wp-content\/uploads\/2020\/08\/Julie-Burgos-scaled.jpg 1706w\" sizes=\"(max-width: 342px) 100vw, 342px\" \/><\/figure>\n<\/div>\n<\/div>\n","protected":false},"excerpt":{"rendered":"<p>Julia Burgos es una trabajadora social y una educadora. Julia se jubil\u00f3 como trabajadora social del Distrito Escolar de Brentwood despu\u00e9s de 28 a\u00f1os de servicio. Antes de trabajar en [&hellip;]<\/p>\n","protected":false},"author":1,"featured_media":0,"parent":0,"menu_order":0,"comment_status":"closed","ping_status":"closed","template":"","meta":{"_vp_format_video_url":"","_vp_image_focal_point":[]},"_links":{"self":[{"href":"https:\/\/lilta.org\/spanish\/wp-json\/wp\/v2\/pages\/354"}],"collection":[{"href":"https:\/\/lilta.org\/spanish\/wp-json\/wp\/v2\/pages"}],"about":[{"href":"https:\/\/lilta.org\/spanish\/wp-json\/wp\/v2\/types\/page"}],"author":[{"embeddable":true,"href":"https:\/\/lilta.org\/spanish\/wp-json\/wp\/v2\/users\/1"}],"replies":[{"embeddable":true,"href":"https:\/\/lilta.org\/spanish\/wp-json\/wp\/v2\/comments?post=354"}],"version-history":[{"count":4,"href":"https:\/\/lilta.org\/spanish\/wp-json\/wp\/v2\/pages\/354\/revisions"}],"predecessor-version":[{"id":609,"href":"https:\/\/lilta.org\/spanish\/wp-json\/wp\/v2\/pages\/354\/revisions\/609"}],"wp:attachment":[{"href":"https:\/\/lilta.org\/spanish\/wp-json\/wp\/v2\/media?parent=354"}],"curies":[{"name":"wp","href":"https:\/\/api.w.org\/{rel}","templated":true}]}}