{"id":357,"date":"2020-08-12T09:34:17","date_gmt":"2020-08-12T09:34:17","guid":{"rendered":"http:\/\/lilta.org\/?page_id=357"},"modified":"2020-12-01T11:06:24","modified_gmt":"2020-12-01T11:06:24","slug":"michelle-marrone-treasurer","status":"publish","type":"page","link":"https:\/\/lilta.org\/spanish\/michelle-marrone-treasurer\/","title":{"rendered":"Michelle Marrone, Tesorera"},"content":{"rendered":"\n<div class=\"wp-block-columns\">\n<div class=\"wp-block-column\" style=\"flex-basis:66.66%\">\n<p>Michelle Marrone se gradu\u00f3 con una licenciatura en educaci\u00f3n espa\u00f1ola del Manhattanville College en 2008. Continu\u00f3 su educaci\u00f3n en la Universidad de St. John para obtener una maestr\u00eda en ense\u00f1anza de ingl\u00e9s como segundo idioma. Se gradu\u00f3 con una Maestr\u00eda en mayo de 2012 y comenz\u00f3 a trabajar en el Distrito Escolar de Hampton Bays en agosto de 2012. Fue maestra de ENL en la Escuela Secundaria Hampton Bays de septiembre de 2012 a junio de 2019. Se gradu\u00f3 de St. Joseph&#8217;s College en mayo de 2019 con un Certificado Avanzado en L\u00edder de Distrito Escolar y L\u00edder de Edificio Escolar. Actualmente es la Directora de ENL, Idiomas Mundiales y Programas Biling\u00fces, 7-12 en el Distrito Escolar Patchogue-Medford.<\/p>\n\n\n\n<p>Antes de Hampton Bays, fue recepcionista en el Hospital de Animales VCA Oakdale y tambi\u00e9n estuvo en el Distrito Escolar de Connetquot. Regres\u00f3 a la Universidad de St. John para obtener un Certificado Avanzado en Alfabetizaci\u00f3n 5-12 y termin\u00f3 el programa en mayo de 2016. Le encanta trabajar con los estudiantes y las familias de culturas diferentes. Michelle siente que siempre le est\u00e1n ense\u00f1ando sobre los desaf\u00edos que han enfrentado en la vida y siempre est\u00e1 buscando formas de alcanzar sus habilidades internas para ayudarlos a tener \u00e9xito con el ingl\u00e9s.<\/p>\n<\/div>\n\n\n\n<div class=\"wp-block-column\" style=\"flex-basis:33.33%\">\n<figure class=\"wp-block-image size-full is-resized\"><img loading=\"lazy\" src=\"http:\/\/lilta.org\/wp-content\/uploads\/2020\/08\/Michelle-Marrone-1-scaled.jpg\" alt=\"\" class=\"wp-image-358\" width=\"640\" height=\"480\" srcset=\"https:\/\/lilta.org\/spanish\/wp-content\/uploads\/2020\/08\/Michelle-Marrone-1-scaled.jpg 2560w, https:\/\/lilta.org\/spanish\/wp-content\/uploads\/2020\/08\/Michelle-Marrone-1-300x225.jpg 300w, https:\/\/lilta.org\/spanish\/wp-content\/uploads\/2020\/08\/Michelle-Marrone-1-1024x768.jpg 1024w, https:\/\/lilta.org\/spanish\/wp-content\/uploads\/2020\/08\/Michelle-Marrone-1-768x576.jpg 768w, https:\/\/lilta.org\/spanish\/wp-content\/uploads\/2020\/08\/Michelle-Marrone-1-500x375.jpg 500w, https:\/\/lilta.org\/spanish\/wp-content\/uploads\/2020\/08\/Michelle-Marrone-1-800x600.jpg 800w, https:\/\/lilta.org\/spanish\/wp-content\/uploads\/2020\/08\/Michelle-Marrone-1-1280x960.jpg 1280w, https:\/\/lilta.org\/spanish\/wp-content\/uploads\/2020\/08\/Michelle-Marrone-1-1920x1440.jpg 1920w, https:\/\/lilta.org\/spanish\/wp-content\/uploads\/2020\/08\/Michelle-Marrone-1-1536x1152.jpg 1536w, https:\/\/lilta.org\/spanish\/wp-content\/uploads\/2020\/08\/Michelle-Marrone-1-2048x1536.jpg 2048w\" sizes=\"(max-width: 640px) 100vw, 640px\" \/><\/figure>\n<\/div>\n<\/div>\n","protected":false},"excerpt":{"rendered":"<p>Michelle Marrone se gradu\u00f3 con una licenciatura en educaci\u00f3n espa\u00f1ola del Manhattanville College en 2008. Continu\u00f3 su educaci\u00f3n en la Universidad de St. John para obtener una maestr\u00eda en ense\u00f1anza [&hellip;]<\/p>\n","protected":false},"author":1,"featured_media":0,"parent":0,"menu_order":0,"comment_status":"closed","ping_status":"closed","template":"","meta":{"_vp_format_video_url":"","_vp_image_focal_point":[]},"_links":{"self":[{"href":"https:\/\/lilta.org\/spanish\/wp-json\/wp\/v2\/pages\/357"}],"collection":[{"href":"https:\/\/lilta.org\/spanish\/wp-json\/wp\/v2\/pages"}],"about":[{"href":"https:\/\/lilta.org\/spanish\/wp-json\/wp\/v2\/types\/page"}],"author":[{"embeddable":true,"href":"https:\/\/lilta.org\/spanish\/wp-json\/wp\/v2\/users\/1"}],"replies":[{"embeddable":true,"href":"https:\/\/lilta.org\/spanish\/wp-json\/wp\/v2\/comments?post=357"}],"version-history":[{"count":6,"href":"https:\/\/lilta.org\/spanish\/wp-json\/wp\/v2\/pages\/357\/revisions"}],"predecessor-version":[{"id":578,"href":"https:\/\/lilta.org\/spanish\/wp-json\/wp\/v2\/pages\/357\/revisions\/578"}],"wp:attachment":[{"href":"https:\/\/lilta.org\/spanish\/wp-json\/wp\/v2\/media?parent=357"}],"curies":[{"name":"wp","href":"https:\/\/api.w.org\/{rel}","templated":true}]}}