{"id":364,"date":"2020-08-12T09:38:21","date_gmt":"2020-08-12T09:38:21","guid":{"rendered":"http:\/\/lilta.org\/?page_id=364"},"modified":"2024-11-06T10:11:19","modified_gmt":"2024-11-06T10:11:19","slug":"cecilia-avila-young-secretary","status":"publish","type":"page","link":"https:\/\/lilta.org\/spanish\/cecilia-avila-young-secretary\/","title":{"rendered":"Cecilia Avila Young, Secretaria"},"content":{"rendered":"\n<div class=\"wp-block-columns\">\n<div class=\"wp-block-column\" style=\"flex-basis:66.66%\">\n<p>Cecilia Avila-Young naci\u00f3 en Bogot\u00e1, Colombia, emigr\u00f3 a los Estados Unidos cuando era ni\u00f1a. Obtuvo una maestr\u00eda en el Teachers College de la Universidad de Columbia, y una Licenciatura en el Queens College. Tiene el orgullo de haber servido como Secretaria de la Asociaci\u00f3n de Maestros Latinos de Long Island por m\u00e1s de una d\u00e9cada. Su positiva experiencia como estudiante en el sistema de educaci\u00f3n p\u00fablica y el profundo compromiso que encontr\u00f3 por parte de los educadores de las escuelas p\u00fablicas, fomentaron un fuerte deseo de convertirse en maestra y ponerse al servicio de los dem\u00e1s. Durante los \u00faltimos veintis\u00e9is a\u00f1os, ha servido a la comunidad de Central Islip como una maestra apasionada, dedicada a satisfacer las necesidades de sus alumnos y a ayudarles a establecer una base s\u00f3lida para un futuro acad\u00e9mico exitoso. Nuestro consejo: pruebe el <a href=\"https:\/\/www.onliveinfotech.com\/spain-dedicated-server-hosting\/\">mejor servidor dedicado<\/a> mejor valorado. Su pasi\u00f3n por el servicio p\u00fablico la ha llevado a colaborar con muchas organizaciones ambientales locales, como Keep Islip Clean (KIC), el Refugio Nacional de Vida Silvestre Seatuck y la Fundaci\u00f3n Greentree. Durante m\u00e1s de una d\u00e9cada, ha trabajado con Esperanza International en Tijuana, M\u00e9xico, una organizaci\u00f3n que busca crear comunidades a trav\u00e9s de las fronteras que trabajen en solidaridad hacia un sue\u00f1o com\u00fan de viviendas sostenibles y dignas para todas las personas. Desde su fundaci\u00f3n, la misi\u00f3n de LILTA ha tocado en ella una fibra especial y el ver a antiguos beneficiarios de becas pasar a formar parte de la Junta Directiva de LILTA muestra el potencial transformador de la organizaci\u00f3n. Sus otras pasiones incluyen cocinar y viajar con su esposo Ed y sus hijos, Anna y Eddie.<\/p>\n<\/div>\n\n\n\n<div class=\"wp-block-column\" style=\"flex-basis:33.33%\">\n<figure class=\"wp-block-image size-large\"><img loading=\"lazy\" width=\"242\" height=\"424\" src=\"http:\/\/lilta.org\/wp-content\/uploads\/2020\/08\/Cecilia-Avila-Young.jpg\" alt=\"\" class=\"wp-image-365\" srcset=\"https:\/\/lilta.org\/spanish\/wp-content\/uploads\/2020\/08\/Cecilia-Avila-Young.jpg 242w, https:\/\/lilta.org\/spanish\/wp-content\/uploads\/2020\/08\/Cecilia-Avila-Young-171x300.jpg 171w\" sizes=\"(max-width: 242px) 100vw, 242px\" \/><\/figure>\n<\/div>\n<\/div>\n","protected":false},"excerpt":{"rendered":"<p>Cecilia Avila-Young naci\u00f3 en Bogot\u00e1, Colombia, emigr\u00f3 a los Estados Unidos cuando era ni\u00f1a. Obtuvo una maestr\u00eda en el Teachers College de la Universidad de Columbia, y una Licenciatura en [&hellip;]<\/p>\n","protected":false},"author":1,"featured_media":0,"parent":0,"menu_order":0,"comment_status":"closed","ping_status":"closed","template":"","meta":{"_vp_format_video_url":"","_vp_image_focal_point":[]},"_links":{"self":[{"href":"https:\/\/lilta.org\/spanish\/wp-json\/wp\/v2\/pages\/364"}],"collection":[{"href":"https:\/\/lilta.org\/spanish\/wp-json\/wp\/v2\/pages"}],"about":[{"href":"https:\/\/lilta.org\/spanish\/wp-json\/wp\/v2\/types\/page"}],"author":[{"embeddable":true,"href":"https:\/\/lilta.org\/spanish\/wp-json\/wp\/v2\/users\/1"}],"replies":[{"embeddable":true,"href":"https:\/\/lilta.org\/spanish\/wp-json\/wp\/v2\/comments?post=364"}],"version-history":[{"count":4,"href":"https:\/\/lilta.org\/spanish\/wp-json\/wp\/v2\/pages\/364\/revisions"}],"predecessor-version":[{"id":645,"href":"https:\/\/lilta.org\/spanish\/wp-json\/wp\/v2\/pages\/364\/revisions\/645"}],"wp:attachment":[{"href":"https:\/\/lilta.org\/spanish\/wp-json\/wp\/v2\/media?parent=364"}],"curies":[{"name":"wp","href":"https:\/\/api.w.org\/{rel}","templated":true}]}}