{"id":378,"date":"2020-08-12T10:05:47","date_gmt":"2020-08-12T10:05:47","guid":{"rendered":"http:\/\/lilta.org\/?page_id=378"},"modified":"2021-01-12T09:39:28","modified_gmt":"2021-01-12T09:39:28","slug":"kelly-urena-board-member","status":"publish","type":"page","link":"https:\/\/lilta.org\/spanish\/kelly-urena-board-member\/","title":{"rendered":"Kelly Urena, Presidente del Comit\u00e9 de Programas Juveniles"},"content":{"rendered":"\n<div class=\"wp-block-columns\">\n<div class=\"wp-block-column\" style=\"flex-basis:66.66%\">\n<p>Nacida y criada en Queens, Nueva York, Kelly Ure\u00f1a realiza varios papeles. Adem\u00e1s de ser una madre, hija, amiga, hermana y mentora, es una educadora establecida, una miembro de la comunidad biling\u00fce y l\u00edder con una larga historia de abogac\u00eda y servicio. C\u00f3moda tomando la iniciativa, ha sido defensora de toda la vida para la equidad en asistencia m\u00e9dica y educaci\u00f3n, la Sra. Ure\u00f1a canaliz\u00f3 su pasi\u00f3n para cumplir su prop\u00f3sito a trav\u00e9s del trabajo social. Creyendo que el papel de trabajadora social no es solo una carrera, sino un estilo de vida, ella ha basado su trabajo en la comunidad, en el apoyo de familias, sensibilidad cultural y justicia social.<\/p>\n\n\n\n<p>Despu\u00e9s de terminar su licenciatura en la Universidad Justicia Penal John Jay (John Jay College) en Justicia Penal y Planificaci\u00f3n, continu\u00f3 su educaci\u00f3n con la Escuela de Trabajo Social de la Universidad ADELPHI, obteniendo su MSW. Ella tambi\u00e9n tiene una credencial de trabajadora de Desarrollo Familiar de la Universidad de Connecticut y es graduada de la Iniciativa de Liderazgo de padres (PLI).<\/p>\n\n\n\n<p>Como licenciada en la maestr\u00eda de trabajo social, la Sra. Ure\u00f1a dedica su tiempo en el campo de la educaci\u00f3n, cumpliendo su pasi\u00f3n de servir a los ni\u00f1os y a las familias. Como l\u00edder en su profesi\u00f3n, ofrece desarrollo profesional en su campo y es bien conocida por su trabajo en el fortalecimiento de familias, comunidades y la creaci\u00f3n de alianzas. Tambi\u00e9n es Co-l\u00edder de Latina Moms Connect, Inc. y sirve como fideicomisaria de la Junta Escolar en un distrito escolar de Long Island, NY.<\/p>\n\n\n\n<p>El trabajo y la vida de Kelly Ure\u00f1a encarnan su pasi\u00f3n, autenticidad e intencionalidad en su viaje de amor, generosidad y servidumbre.<\/p>\n<\/div>\n\n\n\n<div class=\"wp-block-column\" style=\"flex-basis:33.33%\">\n<figure class=\"wp-block-image size-large is-resized\"><img loading=\"lazy\" src=\"http:\/\/lilta.org\/wp-content\/uploads\/2020\/08\/Kelly-Urena-942x1024.jpg\" alt=\"\" class=\"wp-image-379\" width=\"471\" height=\"512\" srcset=\"https:\/\/lilta.org\/spanish\/wp-content\/uploads\/2020\/08\/Kelly-Urena-942x1024.jpg 942w, https:\/\/lilta.org\/spanish\/wp-content\/uploads\/2020\/08\/Kelly-Urena-276x300.jpg 276w, https:\/\/lilta.org\/spanish\/wp-content\/uploads\/2020\/08\/Kelly-Urena-768x835.jpg 768w, https:\/\/lilta.org\/spanish\/wp-content\/uploads\/2020\/08\/Kelly-Urena-500x543.jpg 500w, https:\/\/lilta.org\/spanish\/wp-content\/uploads\/2020\/08\/Kelly-Urena-800x870.jpg 800w, https:\/\/lilta.org\/spanish\/wp-content\/uploads\/2020\/08\/Kelly-Urena-1280x1391.jpg 1280w, https:\/\/lilta.org\/spanish\/wp-content\/uploads\/2020\/08\/Kelly-Urena.jpg 1380w\" sizes=\"(max-width: 471px) 100vw, 471px\" \/><\/figure>\n<\/div>\n<\/div>\n","protected":false},"excerpt":{"rendered":"<p>Nacida y criada en Queens, Nueva York, Kelly Ure\u00f1a realiza varios papeles. Adem\u00e1s de ser una madre, hija, amiga, hermana y mentora, es una educadora establecida, una miembro de la [&hellip;]<\/p>\n","protected":false},"author":1,"featured_media":0,"parent":0,"menu_order":0,"comment_status":"closed","ping_status":"closed","template":"","meta":{"_vp_format_video_url":"","_vp_image_focal_point":[]},"_links":{"self":[{"href":"https:\/\/lilta.org\/spanish\/wp-json\/wp\/v2\/pages\/378"}],"collection":[{"href":"https:\/\/lilta.org\/spanish\/wp-json\/wp\/v2\/pages"}],"about":[{"href":"https:\/\/lilta.org\/spanish\/wp-json\/wp\/v2\/types\/page"}],"author":[{"embeddable":true,"href":"https:\/\/lilta.org\/spanish\/wp-json\/wp\/v2\/users\/1"}],"replies":[{"embeddable":true,"href":"https:\/\/lilta.org\/spanish\/wp-json\/wp\/v2\/comments?post=378"}],"version-history":[{"count":4,"href":"https:\/\/lilta.org\/spanish\/wp-json\/wp\/v2\/pages\/378\/revisions"}],"predecessor-version":[{"id":611,"href":"https:\/\/lilta.org\/spanish\/wp-json\/wp\/v2\/pages\/378\/revisions\/611"}],"wp:attachment":[{"href":"https:\/\/lilta.org\/spanish\/wp-json\/wp\/v2\/media?parent=378"}],"curies":[{"name":"wp","href":"https:\/\/api.w.org\/{rel}","templated":true}]}}