{"id":381,"date":"2020-08-12T10:12:28","date_gmt":"2020-08-12T10:12:28","guid":{"rendered":"http:\/\/lilta.org\/?page_id=381"},"modified":"2020-12-01T11:18:06","modified_gmt":"2020-12-01T11:18:06","slug":"priscilla-zarate-board-member","status":"publish","type":"page","link":"https:\/\/lilta.org\/spanish\/priscilla-zarate-board-member\/","title":{"rendered":"Priscilla Zarate, Miembro de la Junta"},"content":{"rendered":"\n<div class=\"wp-block-columns\">\n<div class=\"wp-block-column\" style=\"flex-basis:66.66%\">\n<p>Priscilla Zarate se desempe\u00f1\u00f3 como Directora Ejecutiva en el Departamento de Educaci\u00f3n de la Ciudad de Nueva York (NYCDOE, por sus siglas en ingl\u00e9s) durante dos a\u00f1os, donde prest\u00f3 servicios a m\u00e1s de 150,000 estudiantes que aprenden ingl\u00e9s o multiling\u00fces (ELL\/MLL, por sus siglas en ingl\u00e9s) en 1,800 escuelas en los cinco condados del Estado de Nueva York. Como Directora Ejecutiva, la Sra. Z\u00e1rate dirigi\u00f3 iniciativas en toda la ciudad, incluyendo la creaci\u00f3n, desarrollo, implementaci\u00f3n y monitoreo de programas de apoyo, recursos y servicios para los estudiantes ELL\/MLL, en todos los distritos escolares y oficinas de apoyo escolar. Ella implement\u00f3 y expandi\u00f3 los programas de educaci\u00f3n biling\u00fce de transici\u00f3n (TBE, por sus siglas en ingl\u00e9s) de alta calidad, de ingl\u00e9s como nuevo idioma (ENL, por sus siglas en ingl\u00e9s) y programas de lenguaje dual (DL, por sus siglas en ingl\u00e9s). La Sra. Z\u00e1rate desarroll\u00f3 la capacidad de superintendentes, directores, subdirectores, maestros y centros de apoyo escolar en las \u00e1reas de alfabetizaci\u00f3n, matem\u00e1ticas, habilidades b\u00e1sicas, STEM, idiomas mundiales, programas TBE y DL. Trabaj\u00f3 directamente con la Canciller y Vicecanciller del Departamento de Educaci\u00f3n de la ciudad de Nueva York para crear pol\u00edticas que garanticen la equidad; la excelencia y los recursos y apoyos accesibles para el \u00e9xito acad\u00e9mico de los estudiantes ELL\/MLL.<\/p>\n\n\n\n<p>Antes de su nombramiento en NYCDOE, la Sra. Z\u00e1rate trabaj\u00f3 durante ocho a\u00f1os como Asistente Coordinadora para los programas biling\u00fces y ENL en el Distrito Escolar de Brentwood, y otros ocho a\u00f1os en la escuela p\u00fablica, The Christa McAuliffe en Jackson Heights, Queens, donde trabaj\u00f3 en un puesto similar.<\/p>\n\n\n\n<p>Actualmente, la Sra. Zarate se desempe\u00f1a como miembro de la Junta de S\u00edndicos del Colegio Comunitario del Condado de Suffolk y Presidenta de la Junta Asesora Hispana del Condado de Suffolk para la Oficina de Asuntos Minoritarios del Gobierno del Condado de Suffolk. Desde el 2013, ha sido miembro del Comit\u00e9 de Herencia de la Hispanidad del Departamento de Servicios Humanos del Pueblo de Babylon, para lo cual coordina los programas y actividades de los ni\u00f1os.<\/p>\n\n\n\n<p>En 2013, fue reconocida por el Pueblo de Babylon y el Supervisor Rich Schaffer como &#8220;L\u00edder hispano al servicio y gu\u00eda de nuestra naci\u00f3n con orgullo y honor&#8221;. Ese mismo a\u00f1o, el senador estatal Phil Boyle la honr\u00f3 en la ceremonia de los Premios de la Herencia Hispana como L\u00edder Hispana en la comunidad de Brentwood.<\/p>\n\n\n\n<p>M\u00e1s recientemente, la Sra. Z\u00e1rate fue elegida delegada de la Asociaci\u00f3n de Educaci\u00f3n Biling\u00fce del Estado de Nueva York (NYSABE, por sus siglas en ingl\u00e9s) para la Regi\u00f3n 1 de Long Island, una de las organizaciones m\u00e1s grandes del Estado de Nueva York que apoya y aboga por los ELL\/MLL.<\/p>\n\n\n\n<p>Priscilla Zarate ha presentado en muchas conferencias en la ciudad y en estado de Nueva York sobre la planificaci\u00f3n e implementaci\u00f3n de programas biling\u00fces que incluyen, entre otros, la Asociaci\u00f3n Nacional de Educaci\u00f3n Biling\u00fce (NABE, por sus siglas en ingl\u00e9s), la Asociaci\u00f3n de Educaci\u00f3n Biling\u00fce del Estado de Nueva York (NYSABE), Asociaci\u00f3n de California de Educaci\u00f3n Biling\u00fce (CABE),&nbsp; la Ense\u00f1anza de calidad para Estudiantes que aprenden Ingl\u00e9s (QTEL), la Universidad de Adelphi como panelista, sobre ense\u00f1anza de estudiantes que aprenden ingl\u00e9s y en los paneles y simposios de los programas de Lenguaje Dual del Departamento de Educaci\u00f3n de la ciudad de Nueva York.<\/p>\n<\/div>\n\n\n\n<div class=\"wp-block-column\" style=\"flex-basis:33.33%\">\n<figure class=\"wp-block-image size-large\"><img loading=\"lazy\" width=\"681\" height=\"1024\" src=\"http:\/\/lilta.org\/wp-content\/uploads\/2020\/08\/Priscilla-Zarate-1-681x1024.jpg\" alt=\"\" class=\"wp-image-382\" srcset=\"https:\/\/lilta.org\/spanish\/wp-content\/uploads\/2020\/08\/Priscilla-Zarate-1-681x1024.jpg 681w, https:\/\/lilta.org\/spanish\/wp-content\/uploads\/2020\/08\/Priscilla-Zarate-1-199x300.jpg 199w, https:\/\/lilta.org\/spanish\/wp-content\/uploads\/2020\/08\/Priscilla-Zarate-1-768x1155.jpg 768w, https:\/\/lilta.org\/spanish\/wp-content\/uploads\/2020\/08\/Priscilla-Zarate-1-500x752.jpg 500w, https:\/\/lilta.org\/spanish\/wp-content\/uploads\/2020\/08\/Priscilla-Zarate-1-800x1203.jpg 800w, https:\/\/lilta.org\/spanish\/wp-content\/uploads\/2020\/08\/Priscilla-Zarate-1-1021x1536.jpg 1021w, https:\/\/lilta.org\/spanish\/wp-content\/uploads\/2020\/08\/Priscilla-Zarate-1.jpg 1242w\" sizes=\"(max-width: 681px) 100vw, 681px\" \/><\/figure>\n<\/div>\n<\/div>\n","protected":false},"excerpt":{"rendered":"<p>Priscilla Zarate se desempe\u00f1\u00f3 como Directora Ejecutiva en el Departamento de Educaci\u00f3n de la Ciudad de Nueva York (NYCDOE, por sus siglas en ingl\u00e9s) durante dos a\u00f1os, donde prest\u00f3 servicios [&hellip;]<\/p>\n","protected":false},"author":1,"featured_media":0,"parent":0,"menu_order":0,"comment_status":"closed","ping_status":"closed","template":"","meta":{"_vp_format_video_url":"","_vp_image_focal_point":[]},"_links":{"self":[{"href":"https:\/\/lilta.org\/spanish\/wp-json\/wp\/v2\/pages\/381"}],"collection":[{"href":"https:\/\/lilta.org\/spanish\/wp-json\/wp\/v2\/pages"}],"about":[{"href":"https:\/\/lilta.org\/spanish\/wp-json\/wp\/v2\/types\/page"}],"author":[{"embeddable":true,"href":"https:\/\/lilta.org\/spanish\/wp-json\/wp\/v2\/users\/1"}],"replies":[{"embeddable":true,"href":"https:\/\/lilta.org\/spanish\/wp-json\/wp\/v2\/comments?post=381"}],"version-history":[{"count":2,"href":"https:\/\/lilta.org\/spanish\/wp-json\/wp\/v2\/pages\/381\/revisions"}],"predecessor-version":[{"id":588,"href":"https:\/\/lilta.org\/spanish\/wp-json\/wp\/v2\/pages\/381\/revisions\/588"}],"wp:attachment":[{"href":"https:\/\/lilta.org\/spanish\/wp-json\/wp\/v2\/media?parent=381"}],"curies":[{"name":"wp","href":"https:\/\/api.w.org\/{rel}","templated":true}]}}