{"id":384,"date":"2020-08-12T10:17:02","date_gmt":"2020-08-12T10:17:02","guid":{"rendered":"http:\/\/lilta.org\/?page_id=384"},"modified":"2021-01-12T09:39:55","modified_gmt":"2021-01-12T09:39:55","slug":"jessica-gomez-board-member","status":"publish","type":"page","link":"https:\/\/lilta.org\/spanish\/jessica-gomez-board-member\/","title":{"rendered":"Jessica Gomez, Presidente del Comit\u00e9 de Desarrollo Profesional"},"content":{"rendered":"\n<div class=\"wp-block-columns\">\n<div class=\"wp-block-column\" style=\"flex-basis:66.66%\">\n<p>La Sra. Jessica G\u00f3mez ha sido maestra en el Distrito Escolar South Huntington por 15 a\u00f1os, ense\u00f1ando 5to grado en Maplewood Intermediate.&nbsp; Ella ha ense\u00f1ado tanto en modelos independientes como paralelos del programa de lenguaje dual del distrito.&nbsp; La Sra. G\u00f3mez recibi\u00f3 su licenciatura de la Universidad de Syracuse en 2003 y su maestr\u00eda en educaci\u00f3n de la Universidad de Hofstra en 2005.&nbsp; Ella continu\u00f3 con su extensi\u00f3n biling\u00fce en la Universidad de St. John gradu\u00e1ndose en el 2006.&nbsp;<\/p>\n\n\n\n<p>&nbsp;&nbsp;A trav\u00e9s de su permanencia en el Distrito Escolar South Huntington, la Sra. G\u00f3mez ha servido como parte integral de su comunidad diversa.&nbsp; Ella ha servido en varios comit\u00e9s, desarrollado curr\u00edculo y organizado talleres para padres enfocados en apoyar a los estudiantes biling\u00fces del distrito.&nbsp; Su esfuerzo y dedicaci\u00f3n a sus alumnos fue reconocido al ser seleccionada como la Maestra del A\u00f1o de la Escuela Intermedia Maplewood en 2020.&nbsp; Continuamente busca formas de hacer una diferencia en su profesi\u00f3n sabiendo que esto ampliar\u00e1 las oportunidades educativas para sus estudiantes.&nbsp; Como modelo, se esfuerza por recordarles siempre a sus alumnos que a trav\u00e9s de la autoconfianza, la educaci\u00f3n y la perseverancia, se puede lograr el \u00e9xito y marcar la diferencia.<\/p>\n<\/div>\n\n\n\n<div class=\"wp-block-column\" style=\"flex-basis:33.33%\">\n<figure class=\"wp-block-image size-full\"><img loading=\"lazy\" width=\"365\" height=\"499\" src=\"http:\/\/lilta.org\/wp-content\/uploads\/2020\/08\/Jessica-Gomez.jpeg\" alt=\"\" class=\"wp-image-385\" srcset=\"https:\/\/lilta.org\/spanish\/wp-content\/uploads\/2020\/08\/Jessica-Gomez.jpeg 365w, https:\/\/lilta.org\/spanish\/wp-content\/uploads\/2020\/08\/Jessica-Gomez-219x300.jpeg 219w\" sizes=\"(max-width: 365px) 100vw, 365px\" \/><\/figure>\n<\/div>\n<\/div>\n","protected":false},"excerpt":{"rendered":"<p>La Sra. Jessica G\u00f3mez ha sido maestra en el Distrito Escolar South Huntington por 15 a\u00f1os, ense\u00f1ando 5to grado en Maplewood Intermediate.&nbsp; Ella ha ense\u00f1ado tanto en modelos independientes como [&hellip;]<\/p>\n","protected":false},"author":1,"featured_media":0,"parent":0,"menu_order":0,"comment_status":"closed","ping_status":"closed","template":"","meta":{"_vp_format_video_url":"","_vp_image_focal_point":[]},"_links":{"self":[{"href":"https:\/\/lilta.org\/spanish\/wp-json\/wp\/v2\/pages\/384"}],"collection":[{"href":"https:\/\/lilta.org\/spanish\/wp-json\/wp\/v2\/pages"}],"about":[{"href":"https:\/\/lilta.org\/spanish\/wp-json\/wp\/v2\/types\/page"}],"author":[{"embeddable":true,"href":"https:\/\/lilta.org\/spanish\/wp-json\/wp\/v2\/users\/1"}],"replies":[{"embeddable":true,"href":"https:\/\/lilta.org\/spanish\/wp-json\/wp\/v2\/comments?post=384"}],"version-history":[{"count":3,"href":"https:\/\/lilta.org\/spanish\/wp-json\/wp\/v2\/pages\/384\/revisions"}],"predecessor-version":[{"id":612,"href":"https:\/\/lilta.org\/spanish\/wp-json\/wp\/v2\/pages\/384\/revisions\/612"}],"wp:attachment":[{"href":"https:\/\/lilta.org\/spanish\/wp-json\/wp\/v2\/media?parent=384"}],"curies":[{"name":"wp","href":"https:\/\/api.w.org\/{rel}","templated":true}]}}