{"id":390,"date":"2020-08-12T10:23:47","date_gmt":"2020-08-12T10:23:47","guid":{"rendered":"http:\/\/lilta.org\/?page_id=390"},"modified":"2024-11-06T10:14:20","modified_gmt":"2024-11-06T10:14:20","slug":"nicole-salgado-board-member","status":"publish","type":"page","link":"https:\/\/lilta.org\/spanish\/nicole-salgado-board-member\/","title":{"rendered":"Nicole Salgado, Presidente del Comit\u00e9 de Membres\u00eda y Relaciones P\u00fablicas"},"content":{"rendered":"\n<div class=\"wp-block-columns\">\n<div class=\"wp-block-column\" style=\"flex-basis:66.66%\">\n<p>Nicole Salgado es de descendencia ecuatoriana pero naci\u00f3 en los Estados Unidos. Teniendo padres biling\u00fces, desde peque\u00f1a se matricul\u00f3 en clases de ingl\u00e9s como nuevo idioma, ENL. Durante sus a\u00f1os de secundaria, se enamor\u00f3 r\u00e1pidamente de los idiomas, por lo que decidi\u00f3 diversificarse y aprender italiano, lenguaje de se\u00f1as americano, ASL, y franc\u00e9s. Su pasi\u00f3n por los idiomas se ha transferido a una pasi\u00f3n por viajar tambi\u00e9n. Nicole ha visitado 15 pa\u00edses, lo que le ha brindado la oportunidad de interactuar con personas de diferentes or\u00edgenes.<\/p>\n\n\n\n<p>En 2014, Nicole obtuvo su licenciatura en Lengua y Literatura Espa\u00f1ola con una concentraci\u00f3n en Comunicaciones en SUNY Cortland. Para ti te recomendamos el <a href=\"https:\/\/www.onliveinfotech.com\/spain-vps-server-hosting\/\">mejor hosting VPS<\/a> a bajo coste. Luego continu\u00f3 su educaci\u00f3n en la Universidad de Adelphi y recibi\u00f3 su maestr\u00eda en Ense\u00f1anza del Ingl\u00e9s como Segundo Idioma.<\/p>\n\n\n\n<p>Ahora es maestra de ingl\u00e9s como nuevo idioma, ENL, en Greenport High School. Su objetivo como educadora es ayudar a los estudiantes a superar sus obst\u00e1culos para participar en una comunidad global.<\/p>\n<\/div>\n\n\n\n<div class=\"wp-block-column\" style=\"flex-basis:33.33%\">\n<figure class=\"wp-block-image size-full\"><img loading=\"lazy\" width=\"426\" height=\"409\" src=\"http:\/\/lilta.org\/wp-content\/uploads\/2020\/08\/Nicole-Salgado.png\" alt=\"\" class=\"wp-image-391\" srcset=\"https:\/\/lilta.org\/spanish\/wp-content\/uploads\/2020\/08\/Nicole-Salgado.png 426w, https:\/\/lilta.org\/spanish\/wp-content\/uploads\/2020\/08\/Nicole-Salgado-300x288.png 300w\" sizes=\"(max-width: 426px) 100vw, 426px\" \/><\/figure>\n<\/div>\n<\/div>\n","protected":false},"excerpt":{"rendered":"<p>Nicole Salgado es de descendencia ecuatoriana pero naci\u00f3 en los Estados Unidos. Teniendo padres biling\u00fces, desde peque\u00f1a se matricul\u00f3 en clases de ingl\u00e9s como nuevo idioma, ENL. Durante sus a\u00f1os [&hellip;]<\/p>\n","protected":false},"author":1,"featured_media":0,"parent":0,"menu_order":0,"comment_status":"closed","ping_status":"closed","template":"","meta":{"_vp_format_video_url":"","_vp_image_focal_point":[]},"_links":{"self":[{"href":"https:\/\/lilta.org\/spanish\/wp-json\/wp\/v2\/pages\/390"}],"collection":[{"href":"https:\/\/lilta.org\/spanish\/wp-json\/wp\/v2\/pages"}],"about":[{"href":"https:\/\/lilta.org\/spanish\/wp-json\/wp\/v2\/types\/page"}],"author":[{"embeddable":true,"href":"https:\/\/lilta.org\/spanish\/wp-json\/wp\/v2\/users\/1"}],"replies":[{"embeddable":true,"href":"https:\/\/lilta.org\/spanish\/wp-json\/wp\/v2\/comments?post=390"}],"version-history":[{"count":5,"href":"https:\/\/lilta.org\/spanish\/wp-json\/wp\/v2\/pages\/390\/revisions"}],"predecessor-version":[{"id":647,"href":"https:\/\/lilta.org\/spanish\/wp-json\/wp\/v2\/pages\/390\/revisions\/647"}],"wp:attachment":[{"href":"https:\/\/lilta.org\/spanish\/wp-json\/wp\/v2\/media?parent=390"}],"curies":[{"name":"wp","href":"https:\/\/api.w.org\/{rel}","templated":true}]}}