{"id":6,"date":"2020-07-09T07:04:19","date_gmt":"2020-07-09T07:04:19","guid":{"rendered":"http:\/\/lilta.org\/?page_id=6"},"modified":"2021-04-13T05:10:37","modified_gmt":"2021-04-13T05:10:37","slug":"sobre-nosotros","status":"publish","type":"page","link":"https:\/\/lilta.org\/spanish\/sobre-nosotros\/","title":{"rendered":"Sobre Nosotros"},"content":{"rendered":"\n<p><strong>\u00bfQu\u00e9 es LILTA?<\/strong><\/p>\n\n\n\n<p>Los latinos son el grupo cultural de m\u00e1s r\u00e1pido crecimiento en los Estados Unidos. Esta tendencia se ha hecho evidente en muchos distritos escolares de Long Island. Sin embargo, las estad\u00edsticas indican que hay una amplia brecha de logros, lo que contribuye a una alta tasa de retenci\u00f3n y\/o deserci\u00f3n dentro de este grupo.<\/p>\n\n\n\n<p>LILTA se estableci\u00f3 como una organizaci\u00f3n sin fines de lucro compuesta por educadores comprometidos y partidarios de la educaci\u00f3n, que abogan por la educaci\u00f3n de alta calidad con el fin de aumentar las tasas de graduaci\u00f3n y la inscripci\u00f3n y finalizaci\u00f3n de la educaci\u00f3n superior.<\/p>\n\n\n\n<p>Nuestra Junta est\u00e1 trabajando dentro del sistema educativo y la comunidad escolar para abordar los factores de riesgo comunes que afectan los resultados acad\u00e9micos de la poblaci\u00f3n estudiantil latina y otros grupos \u00e9tnicos.<\/p>\n\n\n\n<p><strong>Miembros de LILTA buscan<\/strong><\/p>\n\n\n\n<div class=\"wp-block-columns\">\n<div class=\"wp-block-column\">\n<ul><li>Proteger a estudiantes de pr\u00e1cticas y procedimientos de discriminaci\u00f3n.<\/li><li>Promover acceso equitativo de oportunidades educativas.<\/li><li>Hacer esfuerzos para aumentar la diversidad en la profesi\u00f3n pedag\u00f3gica.<\/li><li>Celebrar, apreciar y promover la diversidad en todas las \u00e1reas del sistema educativo.<\/li><li>Trabajar en conjunto con la comunidad y otros grupos c\u00edvicos.<\/li><li>Motivar el envolvimiento familiar en la experiencia escolar.<\/li><li>Informar y educar a nuestras comunidades.<\/li><\/ul>\n<\/div>\n\n\n\n<div class=\"wp-block-column\">\n<figure class=\"wp-block-embed-youtube wp-block-embed is-type-video is-provider-youtube wp-embed-aspect-16-9 wp-has-aspect-ratio\"><div class=\"wp-block-embed__wrapper\">\n<iframe loading=\"lazy\" title=\"LILTA: About Us\" width=\"500\" height=\"281\" src=\"https:\/\/www.youtube.com\/embed\/wofHHBhUlqg?feature=oembed\" frameborder=\"0\" allow=\"accelerometer; autoplay; clipboard-write; encrypted-media; gyroscope; picture-in-picture\" allowfullscreen><\/iframe>\n<\/div><\/figure>\n<\/div>\n<\/div>\n","protected":false},"excerpt":{"rendered":"<p>\u00bfQu\u00e9 es LILTA? Los latinos son el grupo cultural de m\u00e1s r\u00e1pido crecimiento en los Estados Unidos. Esta tendencia se ha hecho evidente en muchos distritos escolares de Long Island. [&hellip;]<\/p>\n","protected":false},"author":1,"featured_media":31,"parent":0,"menu_order":0,"comment_status":"closed","ping_status":"closed","template":"","meta":{"_vp_format_video_url":"","_vp_image_focal_point":[]},"_links":{"self":[{"href":"https:\/\/lilta.org\/spanish\/wp-json\/wp\/v2\/pages\/6"}],"collection":[{"href":"https:\/\/lilta.org\/spanish\/wp-json\/wp\/v2\/pages"}],"about":[{"href":"https:\/\/lilta.org\/spanish\/wp-json\/wp\/v2\/types\/page"}],"author":[{"embeddable":true,"href":"https:\/\/lilta.org\/spanish\/wp-json\/wp\/v2\/users\/1"}],"replies":[{"embeddable":true,"href":"https:\/\/lilta.org\/spanish\/wp-json\/wp\/v2\/comments?post=6"}],"version-history":[{"count":13,"href":"https:\/\/lilta.org\/spanish\/wp-json\/wp\/v2\/pages\/6\/revisions"}],"predecessor-version":[{"id":630,"href":"https:\/\/lilta.org\/spanish\/wp-json\/wp\/v2\/pages\/6\/revisions\/630"}],"wp:featuredmedia":[{"embeddable":true,"href":"https:\/\/lilta.org\/spanish\/wp-json\/wp\/v2\/media\/31"}],"wp:attachment":[{"href":"https:\/\/lilta.org\/spanish\/wp-json\/wp\/v2\/media?parent=6"}],"curies":[{"name":"wp","href":"https:\/\/api.w.org\/{rel}","templated":true}]}}