{"id":617,"date":"2021-01-28T10:15:13","date_gmt":"2021-01-28T10:15:13","guid":{"rendered":"https:\/\/lilta.org\/spanish\/?page_id=617"},"modified":"2021-01-28T10:16:50","modified_gmt":"2021-01-28T10:16:50","slug":"lissetty-thomas-johnsons","status":"publish","type":"page","link":"https:\/\/lilta.org\/spanish\/lissetty-thomas-johnsons\/","title":{"rendered":"Lissetty Thomas-Johnson"},"content":{"rendered":"\n<div class=\"wp-block-columns\">\n<div class=\"wp-block-column\" style=\"flex-basis:66.66%\">\n<p>Lissetty Thomas-Johnson naci\u00f3 en Rep\u00fablica Dominicana y lleg\u00f3 a los Estados Unidos a la tierna edad de 2 a\u00f1os. Con el apoyo de sus padres que trabajaban en f\u00e1bricas, Lissetty pudo abrirse camino en el sistema educativo y obtener una licenciatura en ingl\u00e9s con una especializaci\u00f3n en educaci\u00f3n primaria. Luego obtuvo una Maestr\u00eda en Bibliotecolog\u00eda. Hoy, Lissetty es la jefa de extensi\u00f3n y servicios inclusivos en espa\u00f1ol en la biblioteca de Patchogue-Medford. Con su pasi\u00f3n por la equidad, la inclusi\u00f3n y el trabajo con el p\u00fablico, trabaja arduamente para asegurarse de que haya servicios equitativos y acceso al idioma para padres y estudiantes en la comunidad.<\/p>\n<\/div>\n\n\n\n<div class=\"wp-block-column\" style=\"flex-basis:33.33%\">\n<figure class=\"wp-block-image size-large is-resized\"><img loading=\"lazy\" src=\"https:\/\/lilta.org\/spanish\/wp-content\/uploads\/2021\/01\/Lissetty-Thomas-Johnson.png\" alt=\"\" class=\"wp-image-616\" width=\"186\" height=\"232\"\/><\/figure>\n<\/div>\n<\/div>\n","protected":false},"excerpt":{"rendered":"<p>Lissetty Thomas-Johnson naci\u00f3 en Rep\u00fablica Dominicana y lleg\u00f3 a los Estados Unidos a la tierna edad de 2 a\u00f1os. Con el apoyo de sus padres que trabajaban en f\u00e1bricas, Lissetty [&hellip;]<\/p>\n","protected":false},"author":1,"featured_media":0,"parent":0,"menu_order":0,"comment_status":"closed","ping_status":"closed","template":"","meta":{"_vp_format_video_url":"","_vp_image_focal_point":[]},"_links":{"self":[{"href":"https:\/\/lilta.org\/spanish\/wp-json\/wp\/v2\/pages\/617"}],"collection":[{"href":"https:\/\/lilta.org\/spanish\/wp-json\/wp\/v2\/pages"}],"about":[{"href":"https:\/\/lilta.org\/spanish\/wp-json\/wp\/v2\/types\/page"}],"author":[{"embeddable":true,"href":"https:\/\/lilta.org\/spanish\/wp-json\/wp\/v2\/users\/1"}],"replies":[{"embeddable":true,"href":"https:\/\/lilta.org\/spanish\/wp-json\/wp\/v2\/comments?post=617"}],"version-history":[{"count":4,"href":"https:\/\/lilta.org\/spanish\/wp-json\/wp\/v2\/pages\/617\/revisions"}],"predecessor-version":[{"id":621,"href":"https:\/\/lilta.org\/spanish\/wp-json\/wp\/v2\/pages\/617\/revisions\/621"}],"wp:attachment":[{"href":"https:\/\/lilta.org\/spanish\/wp-json\/wp\/v2\/media?parent=617"}],"curies":[{"name":"wp","href":"https:\/\/api.w.org\/{rel}","templated":true}]}}